{"id":17,"date":"2025-02-26T17:02:51","date_gmt":"2025-02-26T17:02:51","guid":{"rendered":"https:\/\/villanuevaymartinez.rkinformatika.online\/?page_id=17"},"modified":"2025-09-11T08:23:55","modified_gmt":"2025-09-11T08:23:55","slug":"inicio","status":"publish","type":"page","link":"https:\/\/villanuevaymartinez.es\/eu\/","title":{"rendered":"HASIERA"},"content":{"rendered":"<div data-elementor-type=\"wp-post\" data-elementor-id=\"17\" class=\"elementor elementor-17\" data-elementor-post-type=\"page\">\n\t\t\t\t<div class=\"elementor-element elementor-element-e8c349e e-con-full e-flex e-con e-parent\" data-id=\"e8c349e\" data-element_type=\"container\" data-e-type=\"container\" data-settings=\"{&quot;background_background&quot;:&quot;classic&quot;}\">\n\t\t\t\t<div class=\"elementor-element elementor-element-debebf0 elementor--h-position-center elementor--v-position-middle elementor-arrows-position-inside elementor-pagination-position-inside elementor-widget elementor-widget-slides\" data-id=\"debebf0\" data-element_type=\"widget\" data-e-type=\"widget\" data-settings=\"{&quot;transition_speed&quot;:600,&quot;navigation&quot;:&quot;both&quot;,&quot;autoplay&quot;:&quot;yes&quot;,&quot;pause_on_hover&quot;:&quot;yes&quot;,&quot;pause_on_interaction&quot;:&quot;yes&quot;,&quot;autoplay_speed&quot;:5000,&quot;infinite&quot;:&quot;yes&quot;,&quot;transition&quot;:&quot;slide&quot;}\" data-widget_type=\"slides.default\">\n\t\t\t\t<div class=\"elementor-widget-container\">\n\t\t\t\t\t\t\t\t\t<div class=\"elementor-swiper\">\n\t\t\t\t\t<div class=\"elementor-slides-wrapper elementor-main-swiper swiper\" role=\"region\" aria-roledescription=\"carousel\" aria-label=\"Slides\" dir=\"ltr\" data-animation=\"fadeInUp\">\n\t\t\t\t<div class=\"swiper-wrapper elementor-slides\">\n\t\t\t\t\t\t\t\t\t\t<div class=\"elementor-repeater-item-6329b85 swiper-slide\" role=\"group\" aria-roledescription=\"slide\"><div class=\"swiper-slide-bg elementor-ken-burns elementor-ken-burns--in\" role=\"img\" aria-label=\"Moderna torre de oficinas.\"><\/div><div class=\"elementor-background-overlay\"><\/div><div class=\"swiper-slide-inner\" ><div class=\"swiper-slide-contents\"><div class=\"elementor-slide-heading\">HOGEITA HAMAR URTETIK GORAKO JARDUERA PROFESIONALA<\/div><\/div><\/div><\/div><div class=\"elementor-repeater-item-9f0bf44 swiper-slide\" role=\"group\" aria-roledescription=\"slide\"><div class=\"swiper-slide-bg\" role=\"img\" aria-label=\"Justicia\"><\/div><div class=\"elementor-background-overlay\"><\/div><div class=\"swiper-slide-inner\" ><div class=\"swiper-slide-contents\"><div class=\"elementor-slide-heading\">ZERBITZU JURIDIKO PERTSONALIZATUA ETA ZUZENA ESKAINTZEN DUGU, GURE BEZEROEN INTERESAK DEFENDATZEKO.<\/div><\/div><\/div><\/div>\t\t\t\t<\/div>\n\t\t\t\t\t\t\t\t\t\t\t\t\t\t\t<div class=\"elementor-swiper-button elementor-swiper-button-prev\" role=\"button\" tabindex=\"0\" aria-label=\"Diapositiva anterior\">\n\t\t\t\t\t\t\t<svg aria-hidden=\"true\" class=\"e-font-icon-svg e-eicon-chevron-left\" viewbox=\"0 0 1000 1000\" xmlns=\"http:\/\/www.w3.org\/2000\/svg\"><path d=\"M646 125C629 125 613 133 604 142L308 442C296 454 292 471 292 487 292 504 296 521 308 533L604 854C617 867 629 875 646 875 663 875 679 871 692 858 704 846 713 829 713 812 713 796 708 779 692 767L438 487 692 225C700 217 708 204 708 187 708 171 704 154 692 142 675 129 663 125 646 125Z\"><\/path><\/svg>\t\t\t\t\t\t<\/div>\n\t\t\t\t\t\t<div class=\"elementor-swiper-button elementor-swiper-button-next\" role=\"button\" tabindex=\"0\" aria-label=\"Diapositiva siguiente\">\n\t\t\t\t\t\t\t<svg aria-hidden=\"true\" class=\"e-font-icon-svg e-eicon-chevron-right\" viewbox=\"0 0 1000 1000\" xmlns=\"http:\/\/www.w3.org\/2000\/svg\"><path d=\"M696 533C708 521 713 504 713 487 713 471 708 454 696 446L400 146C388 133 375 125 354 125 338 125 325 129 313 142 300 154 292 171 292 187 292 204 296 221 308 233L563 492 304 771C292 783 288 800 288 817 288 833 296 850 308 863 321 871 338 875 354 875 371 875 388 867 400 854L696 533Z\"><\/path><\/svg>\t\t\t\t\t\t<\/div>\n\t\t\t\t\t\t\t\t\t\t\t\t\t\t\t\t<div class=\"swiper-pagination\"><\/div>\n\t\t\t\t\t\t\t\t\t\t\t\t<\/div>\n\t\t\t\t<\/div>\n\t\t\t\t\t\t\t\t<\/div>\n\t\t\t\t<\/div>\n\t\t\t\t<\/div>\n\t\t<div class=\"elementor-element elementor-element-f65e859 e-flex e-con-boxed e-con e-parent\" data-id=\"f65e859\" data-element_type=\"container\" data-e-type=\"container\">\n\t\t\t\t\t<div class=\"e-con-inner\">\n\t\t<div class=\"elementor-element elementor-element-359833e e-con-full e-flex e-con e-child\" data-id=\"359833e\" data-element_type=\"container\" data-e-type=\"container\">\n\t\t\t\t<div class=\"elementor-element elementor-element-299434b elementor-widget-divider--view-line elementor-widget elementor-widget-divider\" data-id=\"299434b\" data-element_type=\"widget\" data-e-type=\"widget\" data-widget_type=\"divider.default\">\n\t\t\t\t<div class=\"elementor-widget-container\">\n\t\t\t\t\t\t\t<div class=\"elementor-divider\">\n\t\t\t<span class=\"elementor-divider-separator\">\n\t\t\t\t\t\t<\/span>\n\t\t<\/div>\n\t\t\t\t\t\t<\/div>\n\t\t\t\t<\/div>\n\t\t\t\t<div class=\"elementor-element elementor-element-d0c2914 elementor-widget-mobile__width-initial elementor-widget elementor-widget-text-editor\" data-id=\"d0c2914\" data-element_type=\"widget\" data-e-type=\"widget\" data-widget_type=\"text-editor.default\">\n\t\t\t\t<div class=\"elementor-widget-container\">\n\t\t\t\t\t\t\t\t\t<p>\u00a0Tratu pertsonalizatua eta hurbila eskaintzeagatik nabarmentzen gara, beti<br \/>bezeroa gure arretaren erdigunean. Kasu bakoitza dedikazioarekin tratatzen da,<br \/>bere beharren neurrira egindako irtenbide juridikoak ziurtatuz. Gu<br \/>prozesuaren etapa bakoitzean laguntzeko konpromisoa hartzen dugu,<br \/>kalitate handia eta lege-aholkularitza zehatza. Konfiantza eta gardentasuna baloratzen ditugu,<br \/>gure bezeroekin harreman sendo eta iraunkorrak sortuz,<br \/>respaldados y comprendidos en todo momento<\/p>\t\t\t\t\t\t\t\t<\/div>\n\t\t\t\t<\/div>\n\t\t\t\t<div class=\"elementor-element elementor-element-eb88c6c elementor-widget-divider--view-line elementor-widget elementor-widget-divider\" data-id=\"eb88c6c\" data-element_type=\"widget\" data-e-type=\"widget\" data-widget_type=\"divider.default\">\n\t\t\t\t<div class=\"elementor-widget-container\">\n\t\t\t\t\t\t\t<div class=\"elementor-divider\">\n\t\t\t<span class=\"elementor-divider-separator\">\n\t\t\t\t\t\t<\/span>\n\t\t<\/div>\n\t\t\t\t\t\t<\/div>\n\t\t\t\t<\/div>\n\t\t\t\t<\/div>\n\t\t\t\t\t<\/div>\n\t\t\t\t<\/div>\n\t\t\t\t<\/div>","protected":false},"excerpt":{"rendered":"<p>Con m\u00e1s de treinta a\u00f1os de ejercicio profesionalOfrecemos un servicio jur\u00eddico personalizado y directo en defensa de los intereses de nuestros clientes. \u00a0Nos distinguimos por ofrecer un trato personalizado y cercano, poniendo siempre alcliente en el centro de nuestra atenci\u00f3n. Cada caso es tratado con dedicaci\u00f3n,asegurando soluciones jur\u00eddicas hechas a la medida de sus necesidades. [&hellip;]<\/p>\n","protected":false},"author":1,"featured_media":0,"parent":0,"menu_order":0,"comment_status":"closed","ping_status":"closed","template":"elementor_canvas","meta":{"footnotes":""},"class_list":["post-17","page","type-page","status-publish","hentry"],"yoast_head":"<!-- This site is optimized with the Yoast SEO plugin v27.5 - https:\/\/yoast.com\/product\/yoast-seo-wordpress\/ -->\n<title>INICIO - Villanueva Abogados<\/title>\n<meta name=\"robots\" content=\"index, follow, max-snippet:-1, max-image-preview:large, max-video-preview:-1\" \/>\n<link rel=\"canonical\" href=\"https:\/\/villanuevaymartinez.es\/eu\/\" \/>\n<meta property=\"og:locale\" content=\"en_US\" \/>\n<meta property=\"og:type\" content=\"article\" \/>\n<meta property=\"og:title\" content=\"INICIO - Villanueva Abogados\" \/>\n<meta property=\"og:description\" content=\"Con m\u00e1s de treinta a\u00f1os de ejercicio profesionalOfrecemos un servicio jur\u00eddico personalizado y directo en defensa de los intereses de nuestros clientes. \u00a0Nos distinguimos por ofrecer un trato personalizado y cercano, poniendo siempre alcliente en el centro de nuestra atenci\u00f3n. Cada caso es tratado con dedicaci\u00f3n,asegurando soluciones jur\u00eddicas hechas a la medida de sus necesidades. [&hellip;]\" \/>\n<meta property=\"og:url\" content=\"https:\/\/villanuevaymartinez.es\/eu\/\" \/>\n<meta property=\"og:site_name\" content=\"Villanueva Abogados\" \/>\n<meta property=\"article:modified_time\" content=\"2025-09-11T08:23:55+00:00\" \/>\n<meta name=\"twitter:card\" content=\"summary_large_image\" \/>\n<meta name=\"twitter:label1\" content=\"Est. reading time\" \/>\n\t<meta name=\"twitter:data1\" content=\"1 minutua\" \/>\n<script type=\"application\/ld+json\" class=\"yoast-schema-graph\">{\"@context\":\"https:\\\/\\\/schema.org\",\"@graph\":[{\"@type\":\"WebPage\",\"@id\":\"https:\\\/\\\/villanuevaymartinez.es\\\/\",\"url\":\"https:\\\/\\\/villanuevaymartinez.es\\\/\",\"name\":\"INICIO - Villanueva Abogados\",\"isPartOf\":{\"@id\":\"https:\\\/\\\/villanuevaymartinez.es\\\/#website\"},\"datePublished\":\"2025-02-26T17:02:51+00:00\",\"dateModified\":\"2025-09-11T08:23:55+00:00\",\"breadcrumb\":{\"@id\":\"https:\\\/\\\/villanuevaymartinez.es\\\/#breadcrumb\"},\"inLanguage\":\"eu\",\"potentialAction\":[{\"@type\":\"ReadAction\",\"target\":[\"https:\\\/\\\/villanuevaymartinez.es\\\/\"]}]},{\"@type\":\"BreadcrumbList\",\"@id\":\"https:\\\/\\\/villanuevaymartinez.es\\\/#breadcrumb\",\"itemListElement\":[{\"@type\":\"ListItem\",\"position\":1,\"name\":\"Portada\",\"item\":\"https:\\\/\\\/villanuevaymartinez.es\\\/\"},{\"@type\":\"ListItem\",\"position\":2,\"name\":\"INICIO\"}]},{\"@type\":\"WebSite\",\"@id\":\"https:\\\/\\\/villanuevaymartinez.es\\\/#website\",\"url\":\"https:\\\/\\\/villanuevaymartinez.es\\\/\",\"name\":\"Villanueva Abogados\",\"description\":\"Abogados en Bilbao\",\"publisher\":{\"@id\":\"https:\\\/\\\/villanuevaymartinez.es\\\/#organization\"},\"potentialAction\":[{\"@type\":\"SearchAction\",\"target\":{\"@type\":\"EntryPoint\",\"urlTemplate\":\"https:\\\/\\\/villanuevaymartinez.es\\\/?s={search_term_string}\"},\"query-input\":{\"@type\":\"PropertyValueSpecification\",\"valueRequired\":true,\"valueName\":\"search_term_string\"}}],\"inLanguage\":\"eu\"},{\"@type\":\"Organization\",\"@id\":\"https:\\\/\\\/villanuevaymartinez.es\\\/#organization\",\"name\":\"Villanueva Abogados\",\"url\":\"https:\\\/\\\/villanuevaymartinez.es\\\/\",\"logo\":{\"@type\":\"ImageObject\",\"inLanguage\":\"eu\",\"@id\":\"https:\\\/\\\/villanuevaymartinez.es\\\/#\\\/schema\\\/logo\\\/image\\\/\",\"url\":\"https:\\\/\\\/villanuevaymartinez.es\\\/wp-content\\\/uploads\\\/2025\\\/02\\\/cropped-cropped-villanueva-1.png\",\"contentUrl\":\"https:\\\/\\\/villanuevaymartinez.es\\\/wp-content\\\/uploads\\\/2025\\\/02\\\/cropped-cropped-villanueva-1.png\",\"width\":512,\"height\":192,\"caption\":\"Villanueva Abogados\"},\"image\":{\"@id\":\"https:\\\/\\\/villanuevaymartinez.es\\\/#\\\/schema\\\/logo\\\/image\\\/\"}}]}<\/script>\n<!-- \/ Yoast SEO plugin. -->","yoast_head_json":{"title":"INICIO - Villanueva Abogados","robots":{"index":"index","follow":"follow","max-snippet":"max-snippet:-1","max-image-preview":"max-image-preview:large","max-video-preview":"max-video-preview:-1"},"canonical":"https:\/\/villanuevaymartinez.es\/eu\/","og_locale":"en_US","og_type":"article","og_title":"INICIO - Villanueva Abogados","og_description":"Con m\u00e1s de treinta a\u00f1os de ejercicio profesionalOfrecemos un servicio jur\u00eddico personalizado y directo en defensa de los intereses de nuestros clientes. \u00a0Nos distinguimos por ofrecer un trato personalizado y cercano, poniendo siempre alcliente en el centro de nuestra atenci\u00f3n. Cada caso es tratado con dedicaci\u00f3n,asegurando soluciones jur\u00eddicas hechas a la medida de sus necesidades. [&hellip;]","og_url":"https:\/\/villanuevaymartinez.es\/eu\/","og_site_name":"Villanueva Abogados","article_modified_time":"2025-09-11T08:23:55+00:00","twitter_card":"summary_large_image","twitter_misc":{"Est. reading time":"1 minutua"},"schema":{"@context":"https:\/\/schema.org","@graph":[{"@type":"WebPage","@id":"https:\/\/villanuevaymartinez.es\/","url":"https:\/\/villanuevaymartinez.es\/","name":"INICIO - Villanueva Abogados","isPartOf":{"@id":"https:\/\/villanuevaymartinez.es\/#website"},"datePublished":"2025-02-26T17:02:51+00:00","dateModified":"2025-09-11T08:23:55+00:00","breadcrumb":{"@id":"https:\/\/villanuevaymartinez.es\/#breadcrumb"},"inLanguage":"eu","potentialAction":[{"@type":"ReadAction","target":["https:\/\/villanuevaymartinez.es\/"]}]},{"@type":"BreadcrumbList","@id":"https:\/\/villanuevaymartinez.es\/#breadcrumb","itemListElement":[{"@type":"ListItem","position":1,"name":"Portada","item":"https:\/\/villanuevaymartinez.es\/"},{"@type":"ListItem","position":2,"name":"INICIO"}]},{"@type":"WebSite","@id":"https:\/\/villanuevaymartinez.es\/#website","url":"https:\/\/villanuevaymartinez.es\/","name":"Villanueva Abogados","description":"Abogados en Bilbao","publisher":{"@id":"https:\/\/villanuevaymartinez.es\/#organization"},"potentialAction":[{"@type":"SearchAction","target":{"@type":"EntryPoint","urlTemplate":"https:\/\/villanuevaymartinez.es\/?s={search_term_string}"},"query-input":{"@type":"PropertyValueSpecification","valueRequired":true,"valueName":"search_term_string"}}],"inLanguage":"eu"},{"@type":"Organization","@id":"https:\/\/villanuevaymartinez.es\/#organization","name":"Villanueva Abogados","url":"https:\/\/villanuevaymartinez.es\/","logo":{"@type":"ImageObject","inLanguage":"eu","@id":"https:\/\/villanuevaymartinez.es\/#\/schema\/logo\/image\/","url":"https:\/\/villanuevaymartinez.es\/wp-content\/uploads\/2025\/02\/cropped-cropped-villanueva-1.png","contentUrl":"https:\/\/villanuevaymartinez.es\/wp-content\/uploads\/2025\/02\/cropped-cropped-villanueva-1.png","width":512,"height":192,"caption":"Villanueva Abogados"},"image":{"@id":"https:\/\/villanuevaymartinez.es\/#\/schema\/logo\/image\/"}}]}},"_links":{"self":[{"href":"https:\/\/villanuevaymartinez.es\/eu\/wp-json\/wp\/v2\/pages\/17","targetHints":{"allow":["GET"]}}],"collection":[{"href":"https:\/\/villanuevaymartinez.es\/eu\/wp-json\/wp\/v2\/pages"}],"about":[{"href":"https:\/\/villanuevaymartinez.es\/eu\/wp-json\/wp\/v2\/types\/page"}],"author":[{"embeddable":true,"href":"https:\/\/villanuevaymartinez.es\/eu\/wp-json\/wp\/v2\/users\/1"}],"replies":[{"embeddable":true,"href":"https:\/\/villanuevaymartinez.es\/eu\/wp-json\/wp\/v2\/comments?post=17"}],"version-history":[{"count":148,"href":"https:\/\/villanuevaymartinez.es\/eu\/wp-json\/wp\/v2\/pages\/17\/revisions"}],"predecessor-version":[{"id":918,"href":"https:\/\/villanuevaymartinez.es\/eu\/wp-json\/wp\/v2\/pages\/17\/revisions\/918"}],"wp:attachment":[{"href":"https:\/\/villanuevaymartinez.es\/eu\/wp-json\/wp\/v2\/media?parent=17"}],"curies":[{"name":"wp","href":"https:\/\/api.w.org\/{rel}","templated":true}]}}