{"id":26,"date":"2025-02-26T17:04:43","date_gmt":"2025-02-26T17:04:43","guid":{"rendered":"https:\/\/villanuevaymartinez.rkinformatika.online\/?page_id=26"},"modified":"2025-04-16T11:56:25","modified_gmt":"2025-04-16T11:56:25","slug":"aviso-legal","status":"publish","type":"page","link":"https:\/\/villanuevaymartinez.es\/eu\/aviso-legal\/","title":{"rendered":"Lege-oharra"},"content":{"rendered":"<div data-elementor-type=\"wp-post\" data-elementor-id=\"26\" class=\"elementor elementor-26\" data-elementor-post-type=\"page\">\n\t\t\t\t<div class=\"elementor-element elementor-element-3b2eea3 e-flex e-con-boxed e-con e-parent\" data-id=\"3b2eea3\" data-element_type=\"container\" data-e-type=\"container\">\n\t\t\t\t\t<div class=\"e-con-inner\">\n\t\t\t\t<div class=\"elementor-element elementor-element-cc5e504 elementor-widget elementor-widget-text-editor\" data-id=\"cc5e504\" data-element_type=\"widget\" data-e-type=\"widget\" data-widget_type=\"text-editor.default\">\n\t\t\t\t<div class=\"elementor-widget-container\">\n\t\t\t\t\t\t\t\t\t<p><span style=\"text-decoration: underline;\"><strong>Aviso Legal<\/strong><\/span><\/p><p><br \/><strong>DATOS IDENTIFICATIVOS DEL TITULAR DEL SITIO WEB<\/strong><\/p><p><br \/>En cumplimiento del deber de informaci\u00f3n estipulado en el art\u00edculo 10 de la Ley<br \/>34\/2002 de 11 de julio de Servicios de la Sociedad de la Informaci\u00f3n y de Comercio ,<br \/>Felipe Villanueva L\u00f3pez DNI 16038907H en calidad de titular del sitio web<br \/><strong>www.villanuevaabogados.com<\/strong>, con domicilio en Calle Castilla Y Le\u00f3n 20 bajo, 09550,<br \/>Villarcayo, Burgos, direcci\u00f3n de correo electr\u00f3nico <strong>info@villanuevaabogados.com<\/strong> y tel\u00e9fono <strong>+34 947 13 61 49<\/strong>, procede a<br \/>comunicarles la presente informaci\u00f3n que conforma y regula las condiciones de uso en<br \/>esta p\u00e1gina, las limitaciones de responsabilidad y las obligaciones que, los usuarios del<br \/>sitio web que se publica bajo el nombre de dominio <strong>www.villanuevaabogados.com<\/strong>,<br \/>asumen y se comprometen a respetar.<\/p><p><br \/><strong>CONDICIONES DE USO<\/strong><\/p><p>La utilizaci\u00f3n de <strong>www.villanuevaabogados.com<\/strong>, otorga la condici\u00f3n de Usuario de<br \/><strong>www.villanuevaabogados.com<\/strong>, bien sea persona f\u00edsica o jur\u00eddica y obligatoriamente<br \/>implica la aceptaci\u00f3n completa, plena y sin reservas de todas y cada una de las cl\u00e1usulas<br \/>y condiciones generales incluidas en el Aviso Legal. Si el Usuario no estuviera<br \/>conforme con las cl\u00e1usulas y condiciones de uso de este Aviso Legal, se abstendr\u00e1 de<br \/>utilizar www.abogadosvillarcayo.com. Este Aviso Legal est\u00e1 sujeto a cambios y<br \/>actualizaciones por lo que la versi\u00f3n publicada por AbogadosVillarcayo puede ser<br \/>diferente en cada momento en que el Usuario acceda al Portal. Por tanto, el Usuario<br \/>debe leer el Aviso Legal en todas y cada una de las ocasiones en que acceda a<br \/><strong>www.villanuevaabogados.com<\/strong>, <strong>VILLANUEVA ABOGADOS<\/strong> facilita al Usuario el<br \/>acceso y la utilizaci\u00f3n de diversos Contenidos publicados por medio de Internet por<br \/>VILLANUEVA ABOGADOS o por terceros autorizados.<br \/>El Usuario est\u00e1 obligado y se compromete a utilizar www.abogadosvillarcayo.com y<br \/>los Contenidos de conformidad con la legislaci\u00f3n vigente, el Aviso Legal, y cualquier<br \/>otro aviso o instrucciones puestos en su conocimiento, bien sea por medio de este aviso<br \/>legal o en cualquier otro lugar dentro de los Contenidos que conforman<br \/>www.villanuevaabogados,com, como son las normas de convivencia, la moral y buenascostumbres generalmente aceptadas. A tal efecto, el Usuario se obliga y compromete a<br \/>NO utilizar cualquiera de los Contenidos con fines o efectos il\u00edcitos, prohibidos en el<br \/>Aviso Legal o por la legislaci\u00f3n vigente, lesivos de los derechos e intereses de terceros,<br \/>o que de cualquier forma puedan da\u00f1ar, inutilizar, sobrecargar, deteriorar o impedir la<br \/>normal utilizaci\u00f3n de los Contenidos, los equipos inform\u00e1ticos o los documentos,<br \/>archivos y toda clase de contenidos almacenados en cualquier equipo inform\u00e1tico<br \/>propios o contratados por <strong>VILLANUEVAABOGADOS<\/strong>, de otro <strong>USUARIO<\/strong> o de<br \/>cualquier usuario de Internet (hardware y software).<br \/>El Usuario se obliga y se compromete a no transmitir, difundir o poner a disposici\u00f3n de<br \/>terceros cualquier clase de material contenido en <strong>www.villanuevaabogados.com<\/strong>, tales<br \/>como informaciones, textos, datos, contenidos, mensajes, gr\u00e1ficos, dibujos, archivos de<br \/>sonido y\/o imagen, fotograf\u00edas, grabaciones, software, logotipos, marcas, iconos,<br \/>tecnolog\u00eda, fotograf\u00edas, software, enlaces, dise\u00f1o gr\u00e1fico y c\u00f3digos fuente, o cualquier<br \/>otro material al que tuviera acceso en su condici\u00f3n de Usuario de<br \/><strong>www.villanuevaabogados.com<\/strong>, sin que esta enumeraci\u00f3n tenga car\u00e1cter limitativo.<br \/>Asimismo, de conformidad con todo ello, el Usuario no podr\u00e1:<br \/>Reproducir, copiar, distribuir, poner a disposici\u00f3n o de cualquier otra forma comunicar<br \/>p\u00fablicamente, transformar o modificar los Contenidos, a menos que se cuente con la<br \/>autorizaci\u00f3n escrita y expl\u00edcita de <strong>VILLANUEVA ABOGADOS<\/strong>, que es titular de los<br \/>correspondientes derechos, o bien que ello resulte legalmente permitido.<br \/>Suprimir, manipular o de cualquier forma alterar el \u201ccopyright\u201d y dem\u00e1s datos<br \/>identificativos de la reserva de derechos de <strong>VILLANUEVA ABOGADOS<\/strong> o de sus<br \/>titulares, de las huellas y\/o identificadores digitales, marcas de agua, o de cualesquiera<br \/>otros medios t\u00e9cnicos establecidos para su reconocimiento.<br \/>El Usuario deber\u00e1 abstenerse de obtener e incluso de intentar obtener los Contenidos<br \/>empleando para ello medios o procedimientos distintos de los que, seg\u00fan los casos, se<br \/>hayan puesto a su disposici\u00f3n a este efecto o se hayan indicado a este efecto en las<br \/>p\u00e1ginas web donde se encuentren los Contenidos o, en general, de los que se empleen<br \/>habitualmente en Internet a este efecto siempre que no entra\u00f1en un riesgo de da\u00f1o o<br \/>inutilizaci\u00f3n de <strong>www.villanuevaabogados.com<\/strong>, y\/o de los Contenidos.<br \/>PROPIEDAD INTELECTUAL<br \/>Todas las marcas, nombres comerciales o signos distintivos de cualquier clase que<br \/>aparecen en <strong>www.villanuevaabogados.com<\/strong>, son propiedad de VILLANUEVA<br \/>ABOGADOS o, en su caso, de sus respectivos propietarios, sin que pueda entenderse<br \/>que el uso o acceso al Portal y\/o a los Contenidos atribuya al Usuario derecho alguno<br \/>sobre las citadas marcas, nombres comerciales y\/o signos distintivos y sin que puedan<br \/>entenderse cedidos al Usuario, ninguno de los derechos de explotaci\u00f3n que existen o<br \/>puedan existir sobre dichos Contenidos. De igual modo los Contenidos son propiedad<br \/>intelectual de <strong>VILLANUEVA ABOGADOS<\/strong>, o de terceros en su caso, por tanto, los<br \/>derechos de Propiedad Intelectual son titularidad de <strong>VILLANUEVA ABOGADOS<\/strong> o deterceros que han autorizado su uso, a quienes corresponde el ejercicio exclusivo de los<br \/>derechos de explotaci\u00f3n de los mismos en cualquier forma y, en especial, los derechos<br \/>de reproducci\u00f3n, distribuci\u00f3n, comunicaci\u00f3n p\u00fablica y transformaci\u00f3n. La utilizaci\u00f3n<br \/>no autorizada de la informaci\u00f3n contenida en esta Web, as\u00ed como la lesi\u00f3n de los<br \/>derechos de Propiedad Intelectual o Industrial de <strong>VILLANUEVA ABOGADOS<\/strong> o de<br \/>terceros incluidos en <strong>www.villanuevaabogados.com<\/strong>, que hayan cedido contenidos dar\u00e1<br \/>lugar a las responsabilidades legalmente establecidas.<br \/><strong>DISPONIBILIDAD DE www.villanuevaabogados.com<\/strong>,<br \/><strong>VILLANUEVA ABOGADOS<\/strong> no garantiza la inexistencia de interrupciones o errores<br \/>en el acceso a www.villanuevaabogados,com,, a sus contenidos, ni que este se<br \/>encuentren actualizados, aunque desarrollar\u00e1 sus mejores esfuerzos para, en su caso,<br \/>evitarlos, subsanarlos o actualizarlos. Por consiguiente, <strong>VILLANUEVA ABOGADOS<\/strong><br \/>no se responsabiliza de los da\u00f1os o perjuicios de cualquier tipo producidos en el Usuario<br \/>que traigan causa de fallos o desconexiones en las redes de telecomunicaciones que<br \/>produzcan la suspensi\u00f3n, cancelaci\u00f3n o interrupci\u00f3n del servicio del portal durante la<br \/>prestaci\u00f3n del mismo o con car\u00e1cter previo.<br \/><strong>VILLANUEVA ABOGADOS<\/strong> excluye, con las excepciones contempladas en la<br \/>legislaci\u00f3n vigente, cualquier responsabilidad por los da\u00f1os y perjuicios de toda<br \/>naturaleza que puedan deberse a la falta de disponibilidad, continuidad o calidad del<br \/>funcionamiento de <strong>www.villanuevaabogados.com<\/strong>, y de los Contenidos, al no<br \/>cumplimiento de la expectativa de utilidad que el<strong> USUARIO<\/strong> hubiera podido atribuir a<br \/><strong>www.villanuevaabogados.com<\/strong>, y a los Contenidos.<br \/>La funci\u00f3n de los Hiperenlaces que aparecen en esta Web es exclusivamente la de<br \/>informar al Usuario acerca de la existencia de otras Web que contienen informaci\u00f3n<br \/>sobre la materia. Dichos Hiperenlaces no constituyen sugerencia ni recomendaci\u00f3n<br \/>alguna.<br \/><strong>VILLANUEVA ABOGADOS<\/strong> no se hace responsable de los contenidos de dichas<br \/>p\u00e1ginas enlazadas, del funcionamiento o utilidad de los Hiperenlaces ni del resultado de<br \/>dichos enlaces, ni garantiza la ausencia de virus u otros elementos en los mismos que<br \/>puedan producir alteraciones en el sistema inform\u00e1tico (hardware y software), los<br \/>documentos o los ficheros del Usuario, excluyendo cualquier responsabilidad por los<br \/>da\u00f1os de cualquier clase causados al Usuario por este motivo.<br \/>El acceso a <strong>www.villanuevaabogados.com<\/strong>, no implica la obligaci\u00f3n por parte de<br \/><strong>VILLANUEVA ABOGADOS<\/strong> de controlar la ausencia de virus, gusanos o cualquier<br \/>otro elemento inform\u00e1tico da\u00f1ino. Corresponde al Usuario, en todo caso, la<br \/>disponibilidad de herramientas adecuadas para la detecci\u00f3n y desinfecci\u00f3n de<br \/>programas inform\u00e1ticos da\u00f1inos, por lo tanto, <strong>VILLANUEVA ABOGADOS<\/strong> no se hace<br \/>responsable de los posibles errores de seguridad que se puedan producir durante laprestaci\u00f3n del servicio de <strong>www.villanuevaabogados.com<\/strong>, ni de los posibles da\u00f1os que<br \/>puedan causarse al sistema inform\u00e1tico del Usuario o de terceros (hardware y software),<br \/>los ficheros o documentos almacenados en el mismo, como consecuencia de la<br \/>presencia de virus en el ordenador del Usuario utilizado para la conexi\u00f3n a los servicios<br \/>y contenidos de la Web, de un mal funcionamiento del navegador o del uso de versiones<br \/>no actualizadas del mismo.<br \/>La prestaci\u00f3n del servicio de <strong>www.villanuevaabogados,com<\/strong>, y de los Contenidos tiene,<br \/>en principio, duraci\u00f3n indefinida. VILLANUEVA ABOGADOS, no obstante, queda<br \/>autorizado para dar por terminada o suspender la prestaci\u00f3n del servicio de<br \/><strong>www.villanuevaabogados.com<\/strong>, y\/o de cualquiera de los Contenidos en cualquier<br \/>momento. Cuando ello sea razonablemente posible, <strong>VILLANUEVA ABOGADOS<\/strong><br \/>advertir\u00e1 previamente la terminaci\u00f3n o suspensi\u00f3n de <strong>www.villanuevaabogados.com<\/strong>,<br \/><strong>www.villanuevaabogados.com<\/strong>,<br \/>Dado el entorno din\u00e1mico y cambiante de la informaci\u00f3n y servicios que se suministran<br \/>por medio de <strong>www.villanuevaabogados.com<\/strong>, VILLANUEVA ABOGADOS realiza su<br \/>mejor esfuerzo, pero no garantiza la completa veracidad, exactitud, fiabilidad, utilidad<br \/>y\/o actualidad de los Contenidos. La informaci\u00f3n contenida en las p\u00e1ginas que<br \/>componen este Portal solo tiene car\u00e1cter informativo, consultivo, divulgativo y<br \/>publicitario. En ning\u00fan caso ofrecen ni tienen car\u00e1cter de compromiso vinculante o<br \/>contractual.<\/p><p><strong>LIMITACI\u00d3N DE RESPONSABILIDAD<\/strong><\/p><p><strong>VILLANUEVA ABOGADOS<\/strong> excluye toda responsabilidad por las decisiones que el<br \/>Usuario pueda tomar basado en esta informaci\u00f3n, as\u00ed como por los posibles errores<br \/>tipogr\u00e1ficos que puedan contener los documentos y gr\u00e1ficos de<br \/><strong>www.villanuevaabogados.com<\/strong>. La informaci\u00f3n est\u00e1 sometida a posibles cambios<br \/>peri\u00f3dicos sin previo aviso de su contenido por ampliaci\u00f3n, mejora, correcci\u00f3n o<br \/>actualizaci\u00f3n de los Contenidos.<\/p><p><strong>NOTIFICACIONES<\/strong><\/p><p>Todas las notificaciones y comunicaciones por parte de <strong>VILLANUEVA ABOGADOS<\/strong><br \/>al Usuario realizados por cualquier medio se considerar\u00e1n eficaces a todos los efectos.<\/p><p><strong>JURISDICCI\u00d3N<\/strong><\/p><p>Para cuantas cuestiones se susciten sobre la interpretaci\u00f3n, aplicaci\u00f3n y cumplimiento<br \/>de este Aviso Legal, as\u00ed como de las reclamaciones que puedan derivarse de su uso,<br \/>todas las partes intervinientes se someten a los Jueces y Tribunales de la provincia de<br \/>Burgos, renunciando de forma expresa a cualquier otro fuero que pudiera<br \/>corresponderles.<\/p><p><strong>LEGISLACI\u00d3N APLICABLE<\/strong><\/p><p>El presente Aviso Legal se rige por la normativa espa\u00f1ola vigente.<\/p>\t\t\t\t\t\t\t\t<\/div>\n\t\t\t\t<\/div>\n\t\t\t\t\t<\/div>\n\t\t\t\t<\/div>\n\t\t\t\t<\/div>","protected":false},"excerpt":{"rendered":"<p>Aviso Legal DATOS IDENTIFICATIVOS DEL TITULAR DEL SITIO WEB En cumplimiento del deber de informaci\u00f3n estipulado en el art\u00edculo 10 de la Ley34\/2002 de 11 de julio de Servicios de la Sociedad de la Informaci\u00f3n y de Comercio ,Felipe Villanueva L\u00f3pez DNI 16038907H en calidad de titular del sitio webwww.villanuevaabogados.com, con domicilio en Calle Castilla [&hellip;]<\/p>\n","protected":false},"author":1,"featured_media":0,"parent":0,"menu_order":0,"comment_status":"closed","ping_status":"closed","template":"elementor_canvas","meta":{"footnotes":""},"class_list":["post-26","page","type-page","status-publish","hentry"],"yoast_head":"<!-- This site is optimized with the Yoast SEO plugin v27.5 - https:\/\/yoast.com\/product\/yoast-seo-wordpress\/ -->\n<title>Aviso legal - Villanueva Abogados<\/title>\n<meta name=\"robots\" content=\"index, follow, max-snippet:-1, max-image-preview:large, max-video-preview:-1\" \/>\n<link rel=\"canonical\" href=\"https:\/\/villanuevaymartinez.es\/eu\/aviso-legal\/\" \/>\n<meta property=\"og:locale\" content=\"en_US\" \/>\n<meta property=\"og:type\" content=\"article\" \/>\n<meta property=\"og:title\" content=\"Aviso legal - Villanueva Abogados\" \/>\n<meta property=\"og:description\" content=\"Aviso Legal DATOS IDENTIFICATIVOS DEL TITULAR DEL SITIO WEB En cumplimiento del deber de informaci\u00f3n estipulado en el art\u00edculo 10 de la Ley34\/2002 de 11 de julio de Servicios de la Sociedad de la Informaci\u00f3n y de Comercio ,Felipe Villanueva L\u00f3pez DNI 16038907H en calidad de titular del sitio webwww.villanuevaabogados.com, con domicilio en Calle Castilla [&hellip;]\" \/>\n<meta property=\"og:url\" content=\"https:\/\/villanuevaymartinez.es\/eu\/aviso-legal\/\" \/>\n<meta property=\"og:site_name\" content=\"Villanueva Abogados\" \/>\n<meta property=\"article:modified_time\" content=\"2025-04-16T11:56:25+00:00\" \/>\n<meta name=\"twitter:card\" content=\"summary_large_image\" \/>\n<meta name=\"twitter:label1\" content=\"Est. reading time\" \/>\n\t<meta name=\"twitter:data1\" content=\"8 minutua\" \/>\n<script type=\"application\/ld+json\" class=\"yoast-schema-graph\">{\"@context\":\"https:\\\/\\\/schema.org\",\"@graph\":[{\"@type\":\"WebPage\",\"@id\":\"https:\\\/\\\/villanuevaymartinez.es\\\/aviso-legal\\\/\",\"url\":\"https:\\\/\\\/villanuevaymartinez.es\\\/aviso-legal\\\/\",\"name\":\"Aviso legal - Villanueva Abogados\",\"isPartOf\":{\"@id\":\"https:\\\/\\\/villanuevaymartinez.es\\\/#website\"},\"datePublished\":\"2025-02-26T17:04:43+00:00\",\"dateModified\":\"2025-04-16T11:56:25+00:00\",\"breadcrumb\":{\"@id\":\"https:\\\/\\\/villanuevaymartinez.es\\\/aviso-legal\\\/#breadcrumb\"},\"inLanguage\":\"eu\",\"potentialAction\":[{\"@type\":\"ReadAction\",\"target\":[\"https:\\\/\\\/villanuevaymartinez.es\\\/aviso-legal\\\/\"]}]},{\"@type\":\"BreadcrumbList\",\"@id\":\"https:\\\/\\\/villanuevaymartinez.es\\\/aviso-legal\\\/#breadcrumb\",\"itemListElement\":[{\"@type\":\"ListItem\",\"position\":1,\"name\":\"Portada\",\"item\":\"https:\\\/\\\/villanuevaymartinez.es\\\/\"},{\"@type\":\"ListItem\",\"position\":2,\"name\":\"Aviso legal\"}]},{\"@type\":\"WebSite\",\"@id\":\"https:\\\/\\\/villanuevaymartinez.es\\\/#website\",\"url\":\"https:\\\/\\\/villanuevaymartinez.es\\\/\",\"name\":\"Villanueva Abogados\",\"description\":\"Abogados en Bilbao\",\"publisher\":{\"@id\":\"https:\\\/\\\/villanuevaymartinez.es\\\/#organization\"},\"potentialAction\":[{\"@type\":\"SearchAction\",\"target\":{\"@type\":\"EntryPoint\",\"urlTemplate\":\"https:\\\/\\\/villanuevaymartinez.es\\\/?s={search_term_string}\"},\"query-input\":{\"@type\":\"PropertyValueSpecification\",\"valueRequired\":true,\"valueName\":\"search_term_string\"}}],\"inLanguage\":\"eu\"},{\"@type\":\"Organization\",\"@id\":\"https:\\\/\\\/villanuevaymartinez.es\\\/#organization\",\"name\":\"Villanueva Abogados\",\"url\":\"https:\\\/\\\/villanuevaymartinez.es\\\/\",\"logo\":{\"@type\":\"ImageObject\",\"inLanguage\":\"eu\",\"@id\":\"https:\\\/\\\/villanuevaymartinez.es\\\/#\\\/schema\\\/logo\\\/image\\\/\",\"url\":\"https:\\\/\\\/villanuevaymartinez.es\\\/wp-content\\\/uploads\\\/2025\\\/02\\\/cropped-cropped-villanueva-1.png\",\"contentUrl\":\"https:\\\/\\\/villanuevaymartinez.es\\\/wp-content\\\/uploads\\\/2025\\\/02\\\/cropped-cropped-villanueva-1.png\",\"width\":512,\"height\":192,\"caption\":\"Villanueva Abogados\"},\"image\":{\"@id\":\"https:\\\/\\\/villanuevaymartinez.es\\\/#\\\/schema\\\/logo\\\/image\\\/\"}}]}<\/script>\n<!-- \/ Yoast SEO plugin. -->","yoast_head_json":{"title":"Aviso legal - Villanueva Abogados","robots":{"index":"index","follow":"follow","max-snippet":"max-snippet:-1","max-image-preview":"max-image-preview:large","max-video-preview":"max-video-preview:-1"},"canonical":"https:\/\/villanuevaymartinez.es\/eu\/aviso-legal\/","og_locale":"en_US","og_type":"article","og_title":"Aviso legal - Villanueva Abogados","og_description":"Aviso Legal DATOS IDENTIFICATIVOS DEL TITULAR DEL SITIO WEB En cumplimiento del deber de informaci\u00f3n estipulado en el art\u00edculo 10 de la Ley34\/2002 de 11 de julio de Servicios de la Sociedad de la Informaci\u00f3n y de Comercio ,Felipe Villanueva L\u00f3pez DNI 16038907H en calidad de titular del sitio webwww.villanuevaabogados.com, con domicilio en Calle Castilla [&hellip;]","og_url":"https:\/\/villanuevaymartinez.es\/eu\/aviso-legal\/","og_site_name":"Villanueva Abogados","article_modified_time":"2025-04-16T11:56:25+00:00","twitter_card":"summary_large_image","twitter_misc":{"Est. reading time":"8 minutua"},"schema":{"@context":"https:\/\/schema.org","@graph":[{"@type":"WebPage","@id":"https:\/\/villanuevaymartinez.es\/aviso-legal\/","url":"https:\/\/villanuevaymartinez.es\/aviso-legal\/","name":"Aviso legal - Villanueva Abogados","isPartOf":{"@id":"https:\/\/villanuevaymartinez.es\/#website"},"datePublished":"2025-02-26T17:04:43+00:00","dateModified":"2025-04-16T11:56:25+00:00","breadcrumb":{"@id":"https:\/\/villanuevaymartinez.es\/aviso-legal\/#breadcrumb"},"inLanguage":"eu","potentialAction":[{"@type":"ReadAction","target":["https:\/\/villanuevaymartinez.es\/aviso-legal\/"]}]},{"@type":"BreadcrumbList","@id":"https:\/\/villanuevaymartinez.es\/aviso-legal\/#breadcrumb","itemListElement":[{"@type":"ListItem","position":1,"name":"Portada","item":"https:\/\/villanuevaymartinez.es\/"},{"@type":"ListItem","position":2,"name":"Aviso legal"}]},{"@type":"WebSite","@id":"https:\/\/villanuevaymartinez.es\/#website","url":"https:\/\/villanuevaymartinez.es\/","name":"Villanueva Abogados","description":"Abogados en Bilbao","publisher":{"@id":"https:\/\/villanuevaymartinez.es\/#organization"},"potentialAction":[{"@type":"SearchAction","target":{"@type":"EntryPoint","urlTemplate":"https:\/\/villanuevaymartinez.es\/?s={search_term_string}"},"query-input":{"@type":"PropertyValueSpecification","valueRequired":true,"valueName":"search_term_string"}}],"inLanguage":"eu"},{"@type":"Organization","@id":"https:\/\/villanuevaymartinez.es\/#organization","name":"Villanueva Abogados","url":"https:\/\/villanuevaymartinez.es\/","logo":{"@type":"ImageObject","inLanguage":"eu","@id":"https:\/\/villanuevaymartinez.es\/#\/schema\/logo\/image\/","url":"https:\/\/villanuevaymartinez.es\/wp-content\/uploads\/2025\/02\/cropped-cropped-villanueva-1.png","contentUrl":"https:\/\/villanuevaymartinez.es\/wp-content\/uploads\/2025\/02\/cropped-cropped-villanueva-1.png","width":512,"height":192,"caption":"Villanueva Abogados"},"image":{"@id":"https:\/\/villanuevaymartinez.es\/#\/schema\/logo\/image\/"}}]}},"_links":{"self":[{"href":"https:\/\/villanuevaymartinez.es\/eu\/wp-json\/wp\/v2\/pages\/26","targetHints":{"allow":["GET"]}}],"collection":[{"href":"https:\/\/villanuevaymartinez.es\/eu\/wp-json\/wp\/v2\/pages"}],"about":[{"href":"https:\/\/villanuevaymartinez.es\/eu\/wp-json\/wp\/v2\/types\/page"}],"author":[{"embeddable":true,"href":"https:\/\/villanuevaymartinez.es\/eu\/wp-json\/wp\/v2\/users\/1"}],"replies":[{"embeddable":true,"href":"https:\/\/villanuevaymartinez.es\/eu\/wp-json\/wp\/v2\/comments?post=26"}],"version-history":[{"count":10,"href":"https:\/\/villanuevaymartinez.es\/eu\/wp-json\/wp\/v2\/pages\/26\/revisions"}],"predecessor-version":[{"id":639,"href":"https:\/\/villanuevaymartinez.es\/eu\/wp-json\/wp\/v2\/pages\/26\/revisions\/639"}],"wp:attachment":[{"href":"https:\/\/villanuevaymartinez.es\/eu\/wp-json\/wp\/v2\/media?parent=26"}],"curies":[{"name":"wp","href":"https:\/\/api.w.org\/{rel}","templated":true}]}}