{"id":28,"date":"2025-02-26T17:05:09","date_gmt":"2025-02-26T17:05:09","guid":{"rendered":"https:\/\/villanuevaymartinez.rkinformatika.online\/?page_id=28"},"modified":"2025-04-16T13:39:52","modified_gmt":"2025-04-16T13:39:52","slug":"politica-de-cookies","status":"publish","type":"page","link":"https:\/\/villanuevaymartinez.es\/eu\/politica-de-cookies\/","title":{"rendered":"Pol\u00edtica de Cookies"},"content":{"rendered":"<div data-elementor-type=\"wp-post\" data-elementor-id=\"28\" class=\"elementor elementor-28\" data-elementor-post-type=\"page\">\n\t\t\t\t<div class=\"elementor-element elementor-element-d5a60a1 e-flex e-con-boxed e-con e-parent\" data-id=\"d5a60a1\" data-element_type=\"container\" data-e-type=\"container\">\n\t\t\t\t\t<div class=\"e-con-inner\">\n\t\t\t\t<div class=\"elementor-element elementor-element-8e1b232 elementor-widget elementor-widget-text-editor\" data-id=\"8e1b232\" data-element_type=\"widget\" data-e-type=\"widget\" data-widget_type=\"text-editor.default\">\n\t\t\t\t<div class=\"elementor-widget-container\">\n\t\t\t\t\t\t\t\t\t<p><span style=\"text-decoration: underline;\"><strong>Pol\u00edtica de Cookies:<\/strong><\/span><\/p><p><br \/><strong>Este sitio utiliza cookies:<\/strong><\/p><p>En cumplimiento de la Ley 34\/2002 de 11 de julio de Servicios de la Sociedad de la<br \/>Informaci\u00f3n y de Comercio Electr\u00f3nico (LSSICE), te informamos de que este sitio web<br \/><strong>VILLANUEVA ABOGADOS<\/strong> utiliza cookies.<\/p><p>La LSSICE se aplica a cualquier clase de archivo o dispositivo que se descargue en el<br \/>equipo terminal de un usuario con el fin de almacenar datos que podr\u00e1n ser actualizados<br \/>y recuperados por la entidad responsable de su instalaci\u00f3n. Una cookie es uno de esos<br \/>archivos de uso generalizado a los que, denominaremos gen\u00e9ricamente como cookies.<\/p><p>Las cookies (en castellano, galletas) son peque\u00f1os ficheros de texto enviados a un<br \/>navegador desde un servidor web para registrar actividad del usuario en un sitio web de<br \/>modo que se pueda recuperar esa informaci\u00f3n con posterioridad durante la navegaci\u00f3n<br \/>por las diferentes p\u00e1ginas que est\u00e9n conectadas al servidor que se las instal\u00f3.<\/p><p>Las cookies suelen almacenar informaci\u00f3n de car\u00e1cter t\u00e9cnico, preferencias personales,<br \/>personalizaci\u00f3n de contenidos, estad\u00edsticas de uso, enlaces a redes sociales, acceso a<br \/>cuentas de usuario, etc.<\/p><p><strong>Tipos de cookies:<\/strong><\/p><p>A continuaci\u00f3n, se realiza una clasificaci\u00f3n de las cookies en funci\u00f3n de una serie de<br \/>categor\u00edas. No obstante es necesario tener en cuenta que una misma cookie puede estar<br \/>incluida en m\u00e1s de una categor\u00eda.<\/p><p><span style=\"text-decoration: underline;\">Seg\u00fan la entidad que las gestiona:<\/span><\/p><p><strong>Cookies propias:<\/strong><\/p><p>Son aquellas que se env\u00edan al equipo terminal del usuario desde un<br \/>equipo o dominio gestionado por el propio editor y desde el que se presta el servicio<br \/>solicitado por el usuario.<\/p><p><strong>Cookies de terceros:<\/strong><\/p><p>Son aquellas que se env\u00edan al equipo terminal del usuario desde un<br \/>equipo o dominio que no es gestionado por el editor, sino por otra entidad que trata los<br \/>datos obtenidos a trav\u00e9s de las cookies.En el caso de que las cookies sean instaladas desde un equipo o dominio gestionado por<br \/>el propio editor, pero la informaci\u00f3n que se recoja mediante estas sea gestionada por un<br \/>tercero, no son consideradas cookies propias.<br \/>Seg\u00fan el plazo de tiempo que permanecen activadas<br \/>Seg\u00fan el plazo de tiempo que permanecen activadas en el equipo terminal podemos<br \/>distinguir:<\/p><p><strong>Cookies de sesi\u00f3n:<\/strong><\/p><p>Son un tipo de cookies dise\u00f1adas para recabar y almacenar datos<br \/>mientras el usuario accede a una p\u00e1gina web. Se suelen emplear para almacenar<br \/>informaci\u00f3n que solo interesa conservar para la prestaci\u00f3n del servicio solicitado por el<br \/>usuario en una sola ocasi\u00f3n (p.ej. una lista de productos adquiridos).<\/p><p><strong>Cookies persistentes:<\/strong><\/p><p>Son un tipo de cookies en el que los datos siguen almacenados en<br \/>el terminal y pueden ser accedidos y tratados durante un periodo definido por el<br \/>responsable de la cookie, y que puede ir de unos minutos a varios a\u00f1os.<\/p><p><span style=\"text-decoration: underline;\">Seg\u00fan su finalidad:<\/span><\/p><p>Seg\u00fan la finalidad para la que se traten los datos obtenidos a trav\u00e9s de las cookies,<br \/>podemos distinguir entre:<\/p><p><strong>Cookies t\u00e9cnicas:<\/strong><\/p><p>Son aquellas que permiten al usuario la navegaci\u00f3n a trav\u00e9s de una<br \/>p\u00e1gina web, plataforma o aplicaci\u00f3n y la utilizaci\u00f3n de las diferentes opciones o<br \/>servicios que en ella existan como, por ejemplo, controlar el tr\u00e1fico y la comunicaci\u00f3n<br \/>de datos, identificar la sesi\u00f3n, acceder a partes de acceso restringido, recordar los<br \/>elementos que integran un pedido, realizar el proceso de compra de un pedido, realizar<br \/>la solicitud de inscripci\u00f3n o participaci\u00f3n en un evento, utilizar elementos de seguridad<br \/>durante la navegaci\u00f3n, almacenar contenidos para la difusi\u00f3n de videos o sonido o<br \/>compartir contenidos a trav\u00e9s de redes sociales.<\/p><p><strong>Cookies de personalizaci\u00f3n:<\/strong><\/p><p>Son aquellas que permiten al usuario acceder al servicio<br \/>con algunas caracter\u00edsticas de car\u00e1cter general predefinidas en funci\u00f3n de una serie de<br \/>criterios en el terminal del usuario como por ejemplo serian el idioma, el tipo de<br \/>navegador a trav\u00e9s del cual accede al servicio, la configuraci\u00f3n regional desde donde<br \/>accede al servicio, etc.<\/p><p><strong>Cookies de an\u00e1lisis:<\/strong><\/p><p>Son aquellas que permiten al responsable de las mismas, el<br \/>seguimiento y an\u00e1lisis del comportamiento de los usuarios de los sitios web a los que<br \/>est\u00e1n vinculadas. La informaci\u00f3n recogida mediante este tipo de cookies se utiliza en la<br \/>medici\u00f3n de la actividad de los sitios web, aplicaci\u00f3n o plataforma y para la elaboraci\u00f3n<br \/>de perfiles de navegaci\u00f3n de los usuarios de dichos sitios, aplicaciones y plataformas,<br \/>con el fin de introducir mejoras en funci\u00f3n del an\u00e1lisis de los datos de uso que hacen los<br \/>usuarios del servicio.<\/p><p><strong>Cookies publicitarias:<\/strong><\/p><p>Son aquellas que permiten la gesti\u00f3n, de la forma m\u00e1s eficaz<br \/>posible, de los espacios publicitarios que, en su caso, el editor haya incluido en una<br \/>p\u00e1gina web, aplicaci\u00f3n o plataforma desde la que presta el servicio solicitado en base a<br \/>criterios como el contenido editado o la frecuencia en la que se muestran los anuncios.<\/p><p><strong>Cookies de publicidad comportamental:<\/strong><\/p><p>Son aquellas que permiten la gesti\u00f3n, de la<br \/>forma m\u00e1s eficaz posible, de los espacios publicitarios que, en su caso, el editor haya<br \/>incluido en una p\u00e1gina web, aplicaci\u00f3n o plataforma desde la que presta el servicio<br \/>solicitado. Estas cookies almacenan informaci\u00f3n del comportamiento de los usuarios<br \/>obtenida a trav\u00e9s de la observaci\u00f3n continuada de sus h\u00e1bitos de navegaci\u00f3n, lo que<br \/>permite desarrollar un perfil espec\u00edfico para mostrar publicidad en funci\u00f3n del mismo.<br \/>C\u00f3mo desactivar las cookies en los principales navegadores web<br \/>Para configurar el uso de cookies, sigue las instrucciones correspondientes a tu<br \/>navegador o consulta su ayuda:<\/p><p>Safari<br \/>Firefox<br \/>Chrome<br \/>\u00d3pera<br \/>Internet Explorer<br \/>Edge<\/p><p><strong>Qu\u00e9 sucede si no se aceptan las cookies<\/strong><\/p><p>El rechazo de las cookies puede impedir el acceso a contenidos y servicios<br \/>personalizados.<br \/>Actualizaciones y modificaciones en la pol\u00edtica de cookies<br \/><strong>VILLANUEVA ABOGADOS<\/strong> puede modificar esta pol\u00edtica de cookies en funci\u00f3n de<br \/>las exigencias legislativas, reglamentarias, con la finalidad de adaptar dicha pol\u00edtica a<br \/>las instrucciones dictadas por la Agencia Espa\u00f1ola de Protecci\u00f3n de Datos, por<br \/>cuestiones t\u00e9cnicas o de reorganizaci\u00f3n de la web; por ello te aconsejamos que la visites<br \/>peri\u00f3dicamente.<\/p><p><strong>Contacto<\/strong><\/p><p>Para resolver cualquier duda sobre c\u00f3mo utilizamos las cookies, escr\u00edbenos a la<br \/>direcci\u00f3n de correo electr\u00f3nico: <strong>administraci\u00f3n@villanuevaabogados.com<\/strong><\/p>\t\t\t\t\t\t\t\t<\/div>\n\t\t\t\t<\/div>\n\t\t\t\t\t<\/div>\n\t\t\t\t<\/div>\n\t\t\t\t<\/div>","protected":false},"excerpt":{"rendered":"<p>Pol\u00edtica de Cookies: Este sitio utiliza cookies: En cumplimiento de la Ley 34\/2002 de 11 de julio de Servicios de la Sociedad de laInformaci\u00f3n y de Comercio Electr\u00f3nico (LSSICE), te informamos de que este sitio webVILLANUEVA ABOGADOS utiliza cookies. La LSSICE se aplica a cualquier clase de archivo o dispositivo que se descargue en elequipo [&hellip;]<\/p>\n","protected":false},"author":1,"featured_media":0,"parent":0,"menu_order":0,"comment_status":"closed","ping_status":"closed","template":"elementor_canvas","meta":{"footnotes":""},"class_list":["post-28","page","type-page","status-publish","hentry"],"yoast_head":"<!-- This site is optimized with the Yoast SEO plugin v27.5 - https:\/\/yoast.com\/product\/yoast-seo-wordpress\/ -->\n<title>Pol\u00edtica de Cookies - Villanueva Abogados<\/title>\n<meta name=\"robots\" content=\"index, follow, max-snippet:-1, max-image-preview:large, max-video-preview:-1\" \/>\n<link rel=\"canonical\" href=\"https:\/\/villanuevaymartinez.es\/eu\/politica-de-cookies\/\" \/>\n<meta property=\"og:locale\" content=\"en_US\" \/>\n<meta property=\"og:type\" content=\"article\" \/>\n<meta property=\"og:title\" content=\"Pol\u00edtica de Cookies - Villanueva Abogados\" \/>\n<meta property=\"og:description\" content=\"Pol\u00edtica de Cookies: Este sitio utiliza cookies: En cumplimiento de la Ley 34\/2002 de 11 de julio de Servicios de la Sociedad de laInformaci\u00f3n y de Comercio Electr\u00f3nico (LSSICE), te informamos de que este sitio webVILLANUEVA ABOGADOS utiliza cookies. La LSSICE se aplica a cualquier clase de archivo o dispositivo que se descargue en elequipo [&hellip;]\" \/>\n<meta property=\"og:url\" content=\"https:\/\/villanuevaymartinez.es\/eu\/politica-de-cookies\/\" \/>\n<meta property=\"og:site_name\" content=\"Villanueva Abogados\" \/>\n<meta property=\"article:modified_time\" content=\"2025-04-16T13:39:52+00:00\" \/>\n<meta name=\"twitter:card\" content=\"summary_large_image\" \/>\n<meta name=\"twitter:label1\" content=\"Est. reading time\" \/>\n\t<meta name=\"twitter:data1\" content=\"5 minutua\" \/>\n<script type=\"application\/ld+json\" class=\"yoast-schema-graph\">{\"@context\":\"https:\\\/\\\/schema.org\",\"@graph\":[{\"@type\":\"WebPage\",\"@id\":\"https:\\\/\\\/villanuevaymartinez.es\\\/politica-de-cookies\\\/\",\"url\":\"https:\\\/\\\/villanuevaymartinez.es\\\/politica-de-cookies\\\/\",\"name\":\"Pol\u00edtica de Cookies - Villanueva Abogados\",\"isPartOf\":{\"@id\":\"https:\\\/\\\/villanuevaymartinez.es\\\/#website\"},\"datePublished\":\"2025-02-26T17:05:09+00:00\",\"dateModified\":\"2025-04-16T13:39:52+00:00\",\"breadcrumb\":{\"@id\":\"https:\\\/\\\/villanuevaymartinez.es\\\/politica-de-cookies\\\/#breadcrumb\"},\"inLanguage\":\"eu\",\"potentialAction\":[{\"@type\":\"ReadAction\",\"target\":[\"https:\\\/\\\/villanuevaymartinez.es\\\/politica-de-cookies\\\/\"]}]},{\"@type\":\"BreadcrumbList\",\"@id\":\"https:\\\/\\\/villanuevaymartinez.es\\\/politica-de-cookies\\\/#breadcrumb\",\"itemListElement\":[{\"@type\":\"ListItem\",\"position\":1,\"name\":\"Portada\",\"item\":\"https:\\\/\\\/villanuevaymartinez.es\\\/\"},{\"@type\":\"ListItem\",\"position\":2,\"name\":\"Pol\u00edtica de Cookies\"}]},{\"@type\":\"WebSite\",\"@id\":\"https:\\\/\\\/villanuevaymartinez.es\\\/#website\",\"url\":\"https:\\\/\\\/villanuevaymartinez.es\\\/\",\"name\":\"Villanueva Abogados\",\"description\":\"Abogados en Bilbao\",\"publisher\":{\"@id\":\"https:\\\/\\\/villanuevaymartinez.es\\\/#organization\"},\"potentialAction\":[{\"@type\":\"SearchAction\",\"target\":{\"@type\":\"EntryPoint\",\"urlTemplate\":\"https:\\\/\\\/villanuevaymartinez.es\\\/?s={search_term_string}\"},\"query-input\":{\"@type\":\"PropertyValueSpecification\",\"valueRequired\":true,\"valueName\":\"search_term_string\"}}],\"inLanguage\":\"eu\"},{\"@type\":\"Organization\",\"@id\":\"https:\\\/\\\/villanuevaymartinez.es\\\/#organization\",\"name\":\"Villanueva Abogados\",\"url\":\"https:\\\/\\\/villanuevaymartinez.es\\\/\",\"logo\":{\"@type\":\"ImageObject\",\"inLanguage\":\"eu\",\"@id\":\"https:\\\/\\\/villanuevaymartinez.es\\\/#\\\/schema\\\/logo\\\/image\\\/\",\"url\":\"https:\\\/\\\/villanuevaymartinez.es\\\/wp-content\\\/uploads\\\/2025\\\/02\\\/cropped-cropped-villanueva-1.png\",\"contentUrl\":\"https:\\\/\\\/villanuevaymartinez.es\\\/wp-content\\\/uploads\\\/2025\\\/02\\\/cropped-cropped-villanueva-1.png\",\"width\":512,\"height\":192,\"caption\":\"Villanueva Abogados\"},\"image\":{\"@id\":\"https:\\\/\\\/villanuevaymartinez.es\\\/#\\\/schema\\\/logo\\\/image\\\/\"}}]}<\/script>\n<!-- \/ Yoast SEO plugin. -->","yoast_head_json":{"title":"Pol\u00edtica de Cookies - Villanueva Abogados","robots":{"index":"index","follow":"follow","max-snippet":"max-snippet:-1","max-image-preview":"max-image-preview:large","max-video-preview":"max-video-preview:-1"},"canonical":"https:\/\/villanuevaymartinez.es\/eu\/politica-de-cookies\/","og_locale":"en_US","og_type":"article","og_title":"Pol\u00edtica de Cookies - Villanueva Abogados","og_description":"Pol\u00edtica de Cookies: Este sitio utiliza cookies: En cumplimiento de la Ley 34\/2002 de 11 de julio de Servicios de la Sociedad de laInformaci\u00f3n y de Comercio Electr\u00f3nico (LSSICE), te informamos de que este sitio webVILLANUEVA ABOGADOS utiliza cookies. La LSSICE se aplica a cualquier clase de archivo o dispositivo que se descargue en elequipo [&hellip;]","og_url":"https:\/\/villanuevaymartinez.es\/eu\/politica-de-cookies\/","og_site_name":"Villanueva Abogados","article_modified_time":"2025-04-16T13:39:52+00:00","twitter_card":"summary_large_image","twitter_misc":{"Est. reading time":"5 minutua"},"schema":{"@context":"https:\/\/schema.org","@graph":[{"@type":"WebPage","@id":"https:\/\/villanuevaymartinez.es\/politica-de-cookies\/","url":"https:\/\/villanuevaymartinez.es\/politica-de-cookies\/","name":"Pol\u00edtica de Cookies - Villanueva Abogados","isPartOf":{"@id":"https:\/\/villanuevaymartinez.es\/#website"},"datePublished":"2025-02-26T17:05:09+00:00","dateModified":"2025-04-16T13:39:52+00:00","breadcrumb":{"@id":"https:\/\/villanuevaymartinez.es\/politica-de-cookies\/#breadcrumb"},"inLanguage":"eu","potentialAction":[{"@type":"ReadAction","target":["https:\/\/villanuevaymartinez.es\/politica-de-cookies\/"]}]},{"@type":"BreadcrumbList","@id":"https:\/\/villanuevaymartinez.es\/politica-de-cookies\/#breadcrumb","itemListElement":[{"@type":"ListItem","position":1,"name":"Portada","item":"https:\/\/villanuevaymartinez.es\/"},{"@type":"ListItem","position":2,"name":"Pol\u00edtica de Cookies"}]},{"@type":"WebSite","@id":"https:\/\/villanuevaymartinez.es\/#website","url":"https:\/\/villanuevaymartinez.es\/","name":"Villanueva Abogados","description":"Abogados en Bilbao","publisher":{"@id":"https:\/\/villanuevaymartinez.es\/#organization"},"potentialAction":[{"@type":"SearchAction","target":{"@type":"EntryPoint","urlTemplate":"https:\/\/villanuevaymartinez.es\/?s={search_term_string}"},"query-input":{"@type":"PropertyValueSpecification","valueRequired":true,"valueName":"search_term_string"}}],"inLanguage":"eu"},{"@type":"Organization","@id":"https:\/\/villanuevaymartinez.es\/#organization","name":"Villanueva Abogados","url":"https:\/\/villanuevaymartinez.es\/","logo":{"@type":"ImageObject","inLanguage":"eu","@id":"https:\/\/villanuevaymartinez.es\/#\/schema\/logo\/image\/","url":"https:\/\/villanuevaymartinez.es\/wp-content\/uploads\/2025\/02\/cropped-cropped-villanueva-1.png","contentUrl":"https:\/\/villanuevaymartinez.es\/wp-content\/uploads\/2025\/02\/cropped-cropped-villanueva-1.png","width":512,"height":192,"caption":"Villanueva Abogados"},"image":{"@id":"https:\/\/villanuevaymartinez.es\/#\/schema\/logo\/image\/"}}]}},"_links":{"self":[{"href":"https:\/\/villanuevaymartinez.es\/eu\/wp-json\/wp\/v2\/pages\/28","targetHints":{"allow":["GET"]}}],"collection":[{"href":"https:\/\/villanuevaymartinez.es\/eu\/wp-json\/wp\/v2\/pages"}],"about":[{"href":"https:\/\/villanuevaymartinez.es\/eu\/wp-json\/wp\/v2\/types\/page"}],"author":[{"embeddable":true,"href":"https:\/\/villanuevaymartinez.es\/eu\/wp-json\/wp\/v2\/users\/1"}],"replies":[{"embeddable":true,"href":"https:\/\/villanuevaymartinez.es\/eu\/wp-json\/wp\/v2\/comments?post=28"}],"version-history":[{"count":13,"href":"https:\/\/villanuevaymartinez.es\/eu\/wp-json\/wp\/v2\/pages\/28\/revisions"}],"predecessor-version":[{"id":646,"href":"https:\/\/villanuevaymartinez.es\/eu\/wp-json\/wp\/v2\/pages\/28\/revisions\/646"}],"wp:attachment":[{"href":"https:\/\/villanuevaymartinez.es\/eu\/wp-json\/wp\/v2\/media?parent=28"}],"curies":[{"name":"wp","href":"https:\/\/api.w.org\/{rel}","templated":true}]}}