{"id":630,"date":"2025-04-16T11:27:10","date_gmt":"2025-04-16T11:27:10","guid":{"rendered":"https:\/\/villanuevaymartinez.rkinformatika.online\/?page_id=630"},"modified":"2025-04-16T11:47:04","modified_gmt":"2025-04-16T11:47:04","slug":"politica-de-privacidad","status":"publish","type":"page","link":"https:\/\/villanuevaymartinez.es\/eu\/politica-de-privacidad\/","title":{"rendered":"Pol\u00edtica de Privacidad"},"content":{"rendered":"<div data-elementor-type=\"wp-post\" data-elementor-id=\"630\" class=\"elementor elementor-630\" data-elementor-post-type=\"page\">\n\t\t\t\t<div class=\"elementor-element elementor-element-9d4714e e-flex e-con-boxed e-con e-parent\" data-id=\"9d4714e\" data-element_type=\"container\" data-e-type=\"container\">\n\t\t\t\t\t<div class=\"e-con-inner\">\n\t\t\t\t<div class=\"elementor-element elementor-element-ce086f8 elementor-widget elementor-widget-text-editor\" data-id=\"ce086f8\" data-element_type=\"widget\" data-e-type=\"widget\" data-widget_type=\"text-editor.default\">\n\t\t\t\t<div class=\"elementor-widget-container\">\n\t\t\t\t\t\t\t\t\t<p><span style=\"text-decoration: underline;\"><strong>Pol\u00edtica de Privacidad<\/strong><\/span><\/p><p><strong>INTRODUCCI\u00d3N<\/strong><\/p><p>En <strong>VILLANUEVA ABOGADOS<\/strong> sensibilizados con las necesidades de los usuarios de<br \/>Internet y conscientes de la importancia de la rigurosa privacidad de la informaci\u00f3n<br \/>personal que nos conf\u00edan, incluimos esta declaraci\u00f3n de privacidad con el objeto de que<br \/>seas consciente de la pol\u00edtica en el tratamiento de los datos personales que obtiene de<br \/>sus visitantes y usuarios.Como usuario, aceptas estas condiciones por el mero hecho de leer, visualizar o navegar<br \/>en el sitio. De no aceptarlas, debes abandonar el sitio, sin hacer uso alguno de \u00e9l y su<br \/>contenido, y sin acceder a las p\u00e1ginas enlazadas.<\/p><p><strong>RESPONSABLE DEL TRATAMIENTO DE DATOS<\/strong><\/p><p>El titular del sitio y responsable del tratamiento de datos es Felipe Villanueva L\u00f3pez,<br \/>con DNI 16038907H , para contactar puedes utilizar la direcci\u00f3n de correo electr\u00f3nico<br \/><strong>info@villanuevaabogados.com<\/strong>, el tel\u00e9fono <strong>+34 947 13 61 49<\/strong> o correo postal a Calle Castilla y Le\u00f3n<br \/>20 bajo, c\u00f3digo postal 09550 de Villarcayo, Burgos o Calle San Vicente n\u00ba8, Piso 3\u00ba,<br \/>Dpt.2, c\u00f3digo p\u00f3stal 48001, Bilbao.<\/p><p><strong>FINALIDAD DEL TRATAMIENTO DE DATOS<\/strong><\/p><p>En nuestros sitios web, existen unos apartados espec\u00edficos donde puedes anotar tus<br \/>datos para recibir informaci\u00f3n sobre actualizaciones de nuestra web y de algunos los<br \/>programas que se distribuyen. Nosotros te aseguramos que la informaci\u00f3n que nos<br \/>facilites ser\u00e1 gestionada de forma totalmente confidencial.<br \/>Formulario de contacto: Contacto con los clientes mediante consultas y primer<br \/>contacto.<br \/>Los datos se almacenar\u00e1n mientras exista previsi\u00f3n de su uso para el fin por el que<br \/>fueron recabados.<br \/>No se realizan tomas de decisiones automatizadas con tus datos.<br \/>La web puede utilizar cookies, consulta nuestra pol\u00edtica de cookies.<\/p><p><strong>LEGITIMACI\u00d3N DEL TRATAMIENTO DE DATOS<\/strong><\/p><p>El uso de tus datos se realiza porque nos das tu consentimiento para usar los que nos<br \/>proporcionas en los formularios para un uso espec\u00edfico que se indica en cada uno de<br \/>ellos. Tus datos solo son necesarios para los usos concretos por los que se te solicitan, si<br \/>no nos los facilitas, esos servicios no son posibles.<\/p><p><strong>TRANSFERENCIAS Y CESIONES DE DATOS<\/strong><\/p><p>Existe un compromiso firme por nuestra parte de que los datos que proporcione a<\/p><p><strong>VILLANUEVA ABOGADOS<\/strong>, no ser\u00e1n vendidos ni cedidos a terceras personas sin el<br \/>previo consentimiento del interesado bajo ning\u00fan concepto o circunstancia, salvo<br \/>consentimiento expreso u obligaci\u00f3n legal.<br \/>Nuestro sitio web contiene enlaces hacia sitios web de terceros. <strong>VILLANUEVA<\/strong><br \/><strong>ABOGADOS<\/strong> no se hace responsable por las pol\u00edticas y pr\u00e1cticas de privacidad de estos<br \/>otros sitios.<\/p><p><strong>DERECHOS DE LOS INTERESADOS<\/strong><\/p><p>Tienes el derecho de acceder a la informaci\u00f3n que sobre tu persona est\u00e1 almacenada en<br \/>nuestras bases de datos, rectificarla si existiera alguna errata, suprimirla, limitarla,<br \/>oponerte a su tratamiento y retirar tu consentimiento si ese es tu deseo. Para ello<br \/>simplemente debes escribir un e-mail a la direcci\u00f3n de correo electr\u00f3nico<br \/>info@abogadosvillarcayo.com donde te atenderemos gustosamente cualquier consulta,<br \/>comentario o aclaraci\u00f3n requerida al respecto.<br \/>Para mayor informaci\u00f3n sobre temas relacionados, el sitio de referencia en la Red<br \/>espa\u00f1ola es la Agencia de Protecci\u00f3n de Datos, donde tienes derecho a reclamar.<\/p>\t\t\t\t\t\t\t\t<\/div>\n\t\t\t\t<\/div>\n\t\t\t\t\t<\/div>\n\t\t\t\t<\/div>\n\t\t\t\t<\/div>","protected":false},"excerpt":{"rendered":"<p>Pol\u00edtica de Privacidad INTRODUCCI\u00d3N En VILLANUEVA ABOGADOS sensibilizados con las necesidades de los usuarios deInternet y conscientes de la importancia de la rigurosa privacidad de la informaci\u00f3npersonal que nos conf\u00edan, incluimos esta declaraci\u00f3n de privacidad con el objeto de queseas consciente de la pol\u00edtica en el tratamiento de los datos personales que obtiene desus visitantes [&hellip;]<\/p>\n","protected":false},"author":1,"featured_media":0,"parent":0,"menu_order":0,"comment_status":"closed","ping_status":"closed","template":"elementor_canvas","meta":{"footnotes":""},"class_list":["post-630","page","type-page","status-publish","hentry"],"yoast_head":"<!-- This site is optimized with the Yoast SEO plugin v27.5 - https:\/\/yoast.com\/product\/yoast-seo-wordpress\/ -->\n<title>Pol\u00edtica de Privacidad - Villanueva Abogados<\/title>\n<meta name=\"robots\" content=\"index, follow, max-snippet:-1, max-image-preview:large, max-video-preview:-1\" \/>\n<link rel=\"canonical\" href=\"https:\/\/villanuevaymartinez.es\/eu\/politica-de-privacidad\/\" \/>\n<meta property=\"og:locale\" content=\"en_US\" \/>\n<meta property=\"og:type\" content=\"article\" \/>\n<meta property=\"og:title\" content=\"Pol\u00edtica de Privacidad - Villanueva Abogados\" \/>\n<meta property=\"og:description\" content=\"Pol\u00edtica de Privacidad INTRODUCCI\u00d3N En VILLANUEVA ABOGADOS sensibilizados con las necesidades de los usuarios deInternet y conscientes de la importancia de la rigurosa privacidad de la informaci\u00f3npersonal que nos conf\u00edan, incluimos esta declaraci\u00f3n de privacidad con el objeto de queseas consciente de la pol\u00edtica en el tratamiento de los datos personales que obtiene desus visitantes [&hellip;]\" \/>\n<meta property=\"og:url\" content=\"https:\/\/villanuevaymartinez.es\/eu\/politica-de-privacidad\/\" \/>\n<meta property=\"og:site_name\" content=\"Villanueva Abogados\" \/>\n<meta property=\"article:modified_time\" content=\"2025-04-16T11:47:04+00:00\" \/>\n<meta name=\"twitter:card\" content=\"summary_large_image\" \/>\n<meta name=\"twitter:label1\" content=\"Est. reading time\" \/>\n\t<meta name=\"twitter:data1\" content=\"3 minutua\" \/>\n<script type=\"application\/ld+json\" class=\"yoast-schema-graph\">{\"@context\":\"https:\\\/\\\/schema.org\",\"@graph\":[{\"@type\":\"WebPage\",\"@id\":\"https:\\\/\\\/villanuevaymartinez.es\\\/politica-de-privacidad\\\/\",\"url\":\"https:\\\/\\\/villanuevaymartinez.es\\\/politica-de-privacidad\\\/\",\"name\":\"Pol\u00edtica de Privacidad - Villanueva Abogados\",\"isPartOf\":{\"@id\":\"https:\\\/\\\/villanuevaymartinez.es\\\/#website\"},\"datePublished\":\"2025-04-16T11:27:10+00:00\",\"dateModified\":\"2025-04-16T11:47:04+00:00\",\"breadcrumb\":{\"@id\":\"https:\\\/\\\/villanuevaymartinez.es\\\/politica-de-privacidad\\\/#breadcrumb\"},\"inLanguage\":\"eu\",\"potentialAction\":[{\"@type\":\"ReadAction\",\"target\":[\"https:\\\/\\\/villanuevaymartinez.es\\\/politica-de-privacidad\\\/\"]}]},{\"@type\":\"BreadcrumbList\",\"@id\":\"https:\\\/\\\/villanuevaymartinez.es\\\/politica-de-privacidad\\\/#breadcrumb\",\"itemListElement\":[{\"@type\":\"ListItem\",\"position\":1,\"name\":\"Portada\",\"item\":\"https:\\\/\\\/villanuevaymartinez.es\\\/\"},{\"@type\":\"ListItem\",\"position\":2,\"name\":\"Pol\u00edtica de Privacidad\"}]},{\"@type\":\"WebSite\",\"@id\":\"https:\\\/\\\/villanuevaymartinez.es\\\/#website\",\"url\":\"https:\\\/\\\/villanuevaymartinez.es\\\/\",\"name\":\"Villanueva Abogados\",\"description\":\"Abogados en Bilbao\",\"publisher\":{\"@id\":\"https:\\\/\\\/villanuevaymartinez.es\\\/#organization\"},\"potentialAction\":[{\"@type\":\"SearchAction\",\"target\":{\"@type\":\"EntryPoint\",\"urlTemplate\":\"https:\\\/\\\/villanuevaymartinez.es\\\/?s={search_term_string}\"},\"query-input\":{\"@type\":\"PropertyValueSpecification\",\"valueRequired\":true,\"valueName\":\"search_term_string\"}}],\"inLanguage\":\"eu\"},{\"@type\":\"Organization\",\"@id\":\"https:\\\/\\\/villanuevaymartinez.es\\\/#organization\",\"name\":\"Villanueva Abogados\",\"url\":\"https:\\\/\\\/villanuevaymartinez.es\\\/\",\"logo\":{\"@type\":\"ImageObject\",\"inLanguage\":\"eu\",\"@id\":\"https:\\\/\\\/villanuevaymartinez.es\\\/#\\\/schema\\\/logo\\\/image\\\/\",\"url\":\"https:\\\/\\\/villanuevaymartinez.es\\\/wp-content\\\/uploads\\\/2025\\\/02\\\/cropped-cropped-villanueva-1.png\",\"contentUrl\":\"https:\\\/\\\/villanuevaymartinez.es\\\/wp-content\\\/uploads\\\/2025\\\/02\\\/cropped-cropped-villanueva-1.png\",\"width\":512,\"height\":192,\"caption\":\"Villanueva Abogados\"},\"image\":{\"@id\":\"https:\\\/\\\/villanuevaymartinez.es\\\/#\\\/schema\\\/logo\\\/image\\\/\"}}]}<\/script>\n<!-- \/ Yoast SEO plugin. -->","yoast_head_json":{"title":"Pol\u00edtica de Privacidad - Villanueva Abogados","robots":{"index":"index","follow":"follow","max-snippet":"max-snippet:-1","max-image-preview":"max-image-preview:large","max-video-preview":"max-video-preview:-1"},"canonical":"https:\/\/villanuevaymartinez.es\/eu\/politica-de-privacidad\/","og_locale":"en_US","og_type":"article","og_title":"Pol\u00edtica de Privacidad - Villanueva Abogados","og_description":"Pol\u00edtica de Privacidad INTRODUCCI\u00d3N En VILLANUEVA ABOGADOS sensibilizados con las necesidades de los usuarios deInternet y conscientes de la importancia de la rigurosa privacidad de la informaci\u00f3npersonal que nos conf\u00edan, incluimos esta declaraci\u00f3n de privacidad con el objeto de queseas consciente de la pol\u00edtica en el tratamiento de los datos personales que obtiene desus visitantes [&hellip;]","og_url":"https:\/\/villanuevaymartinez.es\/eu\/politica-de-privacidad\/","og_site_name":"Villanueva Abogados","article_modified_time":"2025-04-16T11:47:04+00:00","twitter_card":"summary_large_image","twitter_misc":{"Est. reading time":"3 minutua"},"schema":{"@context":"https:\/\/schema.org","@graph":[{"@type":"WebPage","@id":"https:\/\/villanuevaymartinez.es\/politica-de-privacidad\/","url":"https:\/\/villanuevaymartinez.es\/politica-de-privacidad\/","name":"Pol\u00edtica de Privacidad - Villanueva Abogados","isPartOf":{"@id":"https:\/\/villanuevaymartinez.es\/#website"},"datePublished":"2025-04-16T11:27:10+00:00","dateModified":"2025-04-16T11:47:04+00:00","breadcrumb":{"@id":"https:\/\/villanuevaymartinez.es\/politica-de-privacidad\/#breadcrumb"},"inLanguage":"eu","potentialAction":[{"@type":"ReadAction","target":["https:\/\/villanuevaymartinez.es\/politica-de-privacidad\/"]}]},{"@type":"BreadcrumbList","@id":"https:\/\/villanuevaymartinez.es\/politica-de-privacidad\/#breadcrumb","itemListElement":[{"@type":"ListItem","position":1,"name":"Portada","item":"https:\/\/villanuevaymartinez.es\/"},{"@type":"ListItem","position":2,"name":"Pol\u00edtica de Privacidad"}]},{"@type":"WebSite","@id":"https:\/\/villanuevaymartinez.es\/#website","url":"https:\/\/villanuevaymartinez.es\/","name":"Villanueva Abogados","description":"Abogados en Bilbao","publisher":{"@id":"https:\/\/villanuevaymartinez.es\/#organization"},"potentialAction":[{"@type":"SearchAction","target":{"@type":"EntryPoint","urlTemplate":"https:\/\/villanuevaymartinez.es\/?s={search_term_string}"},"query-input":{"@type":"PropertyValueSpecification","valueRequired":true,"valueName":"search_term_string"}}],"inLanguage":"eu"},{"@type":"Organization","@id":"https:\/\/villanuevaymartinez.es\/#organization","name":"Villanueva Abogados","url":"https:\/\/villanuevaymartinez.es\/","logo":{"@type":"ImageObject","inLanguage":"eu","@id":"https:\/\/villanuevaymartinez.es\/#\/schema\/logo\/image\/","url":"https:\/\/villanuevaymartinez.es\/wp-content\/uploads\/2025\/02\/cropped-cropped-villanueva-1.png","contentUrl":"https:\/\/villanuevaymartinez.es\/wp-content\/uploads\/2025\/02\/cropped-cropped-villanueva-1.png","width":512,"height":192,"caption":"Villanueva Abogados"},"image":{"@id":"https:\/\/villanuevaymartinez.es\/#\/schema\/logo\/image\/"}}]}},"_links":{"self":[{"href":"https:\/\/villanuevaymartinez.es\/eu\/wp-json\/wp\/v2\/pages\/630","targetHints":{"allow":["GET"]}}],"collection":[{"href":"https:\/\/villanuevaymartinez.es\/eu\/wp-json\/wp\/v2\/pages"}],"about":[{"href":"https:\/\/villanuevaymartinez.es\/eu\/wp-json\/wp\/v2\/types\/page"}],"author":[{"embeddable":true,"href":"https:\/\/villanuevaymartinez.es\/eu\/wp-json\/wp\/v2\/users\/1"}],"replies":[{"embeddable":true,"href":"https:\/\/villanuevaymartinez.es\/eu\/wp-json\/wp\/v2\/comments?post=630"}],"version-history":[{"count":4,"href":"https:\/\/villanuevaymartinez.es\/eu\/wp-json\/wp\/v2\/pages\/630\/revisions"}],"predecessor-version":[{"id":636,"href":"https:\/\/villanuevaymartinez.es\/eu\/wp-json\/wp\/v2\/pages\/630\/revisions\/636"}],"wp:attachment":[{"href":"https:\/\/villanuevaymartinez.es\/eu\/wp-json\/wp\/v2\/media?parent=630"}],"curies":[{"name":"wp","href":"https:\/\/api.w.org\/{rel}","templated":true}]}}